{"id":1393,"date":"2023-03-27T13:23:25","date_gmt":"2023-03-27T13:23:25","guid":{"rendered":"https:\/\/sqiweb.wpengine.com\/notre-adn\/"},"modified":"2024-09-25T08:11:54","modified_gmt":"2024-09-25T08:11:54","slug":"notre-adn","status":"publish","type":"page","link":"https:\/\/sqi.coop\/en\/notre-adn\/","title":{"rendered":"OUR DNA"},"content":{"rendered":"<p>[et_pb_section fb_built=&#8221;1&#8243; admin_label=&#8221;Header&#8221; module_class=&#8221;header-page-section gradient&#8221; _builder_version=&#8221;4.20.2&#8243; _module_preset=&#8221;default&#8221; global_colors_info=&#8221;{}&#8221;][et_pb_row module_class=&#8221;header-page-row teal-text&#8221; _builder_version=&#8221;4.20.2&#8243; _module_preset=&#8221;default&#8221; animation_style=&#8221;fade&#8221; global_colors_info=&#8221;{}&#8221;][et_pb_column type=&#8221;4_4&#8243; _builder_version=&#8221;4.20.2&#8243; _module_preset=&#8221;default&#8221; global_colors_info=&#8221;{}&#8221;][et_pb_text admin_label=&#8221;Surtitre&#8221; module_class=&#8221;subtitle-module center&#8221; _builder_version=&#8221;4.21.0&#8243; _module_preset=&#8221;default&#8221; animation_style=&#8221;slide&#8221; animation_direction=&#8221;bottom&#8221; animation_intensity_slide=&#8221;3%&#8221; locked=&#8221;off&#8221; global_colors_info=&#8221;{}&#8221;]About us[\/et_pb_text][et_pb_cta title=&#8221;Our DNA&#8221; admin_label=&#8221;Titre&#8221; module_class=&#8221;header-page-title adn&#8221; _builder_version=&#8221;4.21.0&#8243; _module_preset=&#8221;default&#8221; header_level=&#8221;h1&#8243; background_layout=&#8221;light&#8221; animation_style=&#8221;fade&#8221; animation_direction=&#8221;top&#8221; global_colors_info=&#8221;{}&#8221;]Our company has been organized as a SCOP united around strong values since 2008. Our convictions and work philosophy inspire us to ensure the success of our mission: fostering a safer and more effective healthcare. [\/et_pb_cta][\/et_pb_column][\/et_pb_row][\/et_pb_section][et_pb_section fb_built=&#8221;1&#8243; admin_label=&#8221;Valeurs&#8221; module_class=&#8221;values-section&#8221; _builder_version=&#8221;4.20.2&#8243; _module_preset=&#8221;default&#8221; global_colors_info=&#8221;{}&#8221;][et_pb_row column_structure=&#8221;1_2,1_2&#8243; admin_label=&#8221;Curiosit\u00e9&#8221; module_class=&#8221;values-row curiosite&#8221; _builder_version=&#8221;4.20.2&#8243; _module_preset=&#8221;default&#8221; animation_style=&#8221;slide&#8221; animation_direction=&#8221;bottom&#8221; animation_intensity_slide=&#8221;2%&#8221; global_colors_info=&#8221;{}&#8221;][et_pb_column type=&#8221;1_2&#8243; module_class=&#8221;value-col-img&#8221; _builder_version=&#8221;4.20.2&#8243; _module_preset=&#8221;default&#8221; global_colors_info=&#8221;{}&#8221;][et_pb_image title_text=&#8221;adn-1&#8243; module_class=&#8221;value-image&#8221; _builder_version=&#8221;4.20.2&#8243; _module_preset=&#8221;default&#8221; background_image=&#8221;https:\/\/sqiweb.wpengine.com\/wp-content\/uploads\/2023\/04\/adn-1.jpg&#8221; global_colors_info=&#8221;{}&#8221;][\/et_pb_image][\/et_pb_column][et_pb_column type=&#8221;1_2&#8243; module_class=&#8221;value-col-text&#8221; _builder_version=&#8221;4.20.2&#8243; _module_preset=&#8221;default&#8221; global_colors_info=&#8221;{}&#8221;][et_pb_cta title=&#8221;Curiosity&#8221; admin_label=&#8221;Texte&#8221; module_class=&#8221;value-text&#8221; _builder_version=&#8221;4.21.0&#8243; _module_preset=&#8221;default&#8221; background_layout=&#8221;light&#8221; animation_style=&#8221;fade&#8221; global_colors_info=&#8221;{}&#8221;]Team members at SQI come from various background. We share a curiosity for innovation and a taste for challenge! On the frontline, this mean we enjoy unconventional projects based on innovative and bold technologies for the patient\u2019s benefit! Such projects that may be considered risky become one of our strengths and a real added value allowing to feeding. [\/et_pb_cta][\/et_pb_column][\/et_pb_row][et_pb_row column_structure=&#8221;1_2,1_2&#8243; admin_label=&#8221;Humain&#8221; module_class=&#8221;values-row humain&#8221; _builder_version=&#8221;4.20.2&#8243; _module_preset=&#8221;default&#8221; animation_style=&#8221;slide&#8221; animation_direction=&#8221;bottom&#8221; animation_intensity_slide=&#8221;2%&#8221; global_colors_info=&#8221;{}&#8221;][et_pb_column type=&#8221;1_2&#8243; module_class=&#8221;value-col-text&#8221; _builder_version=&#8221;4.20.2&#8243; _module_preset=&#8221;default&#8221; global_colors_info=&#8221;{}&#8221;][et_pb_cta title=&#8221;Human centered&#8221; admin_label=&#8221;Texte&#8221; module_class=&#8221;value-text&#8221; _builder_version=&#8221;4.21.0&#8243; _module_preset=&#8221;default&#8221; background_layout=&#8221;light&#8221; animation_style=&#8221;fade&#8221; global_colors_info=&#8221;{}&#8221;]At SQI, we emphasize the human aspect of relationships, internally and with our customers. This ensures that team members work in a positive environment, foster sharing, respect each other and are eager for learning and improving together. Our participative management, centered on the team members, helps combine well-being and performance. [\/et_pb_cta][\/et_pb_column][et_pb_column type=&#8221;1_2&#8243; module_class=&#8221;value-col-img&#8221; _builder_version=&#8221;4.20.2&#8243; _module_preset=&#8221;default&#8221; global_colors_info=&#8221;{}&#8221;][et_pb_image title_text=&#8221;adn-blue-dotts&#8221; module_class=&#8221;value-image&#8221; _builder_version=&#8221;4.20.2&#8243; _module_preset=&#8221;default&#8221; background_image=&#8221;https:\/\/sqiweb.wpengine.com\/wp-content\/uploads\/2023\/04\/adn-blue-dotts.svg&#8221; global_colors_info=&#8221;{}&#8221;][\/et_pb_image][\/et_pb_column][\/et_pb_row][\/et_pb_section][et_pb_section fb_built=&#8221;1&#8243; admin_label=&#8221;Image fullwidth&#8221; module_class=&#8221;img-adn-section&#8221; _builder_version=&#8221;4.20.2&#8243; _module_preset=&#8221;default&#8221; global_colors_info=&#8221;{}&#8221;][et_pb_row module_class=&#8221;img-adn-row&#8221; _builder_version=&#8221;4.20.2&#8243; _module_preset=&#8221;default&#8221; animation_style=&#8221;slide&#8221; animation_direction=&#8221;bottom&#8221; animation_intensity_slide=&#8221;2%&#8221; global_colors_info=&#8221;{}&#8221;][et_pb_column type=&#8221;4_4&#8243; _builder_version=&#8221;4.20.2&#8243; _module_preset=&#8221;default&#8221; global_colors_info=&#8221;{}&#8221;][et_pb_image src=&#8221;https:\/\/sqiweb.wpengine.com\/wp-content\/uploads\/2023\/04\/adn.jpg&#8221; title_text=&#8221;adn&#8221; module_class=&#8221;img-adn-module&#8221; _builder_version=&#8221;4.20.2&#8243; _module_preset=&#8221;default&#8221; global_colors_info=&#8221;{}&#8221;][\/et_pb_image][\/et_pb_column][\/et_pb_row][\/et_pb_section][et_pb_section fb_built=&#8221;1&#8243; admin_label=&#8221;Valeurs&#8221; module_class=&#8221;values-section&#8221; _builder_version=&#8221;4.20.2&#8243; _module_preset=&#8221;default&#8221; global_colors_info=&#8221;{}&#8221;][et_pb_row column_structure=&#8221;1_2,1_2&#8243; admin_label=&#8221;Confiance&#8221; module_class=&#8221;values-row confiance&#8221; _builder_version=&#8221;4.20.2&#8243; _module_preset=&#8221;default&#8221; animation_style=&#8221;slide&#8221; animation_direction=&#8221;bottom&#8221; animation_intensity_slide=&#8221;2%&#8221; global_colors_info=&#8221;{}&#8221;][et_pb_column type=&#8221;1_2&#8243; module_class=&#8221;value-col-img&#8221; _builder_version=&#8221;4.20.2&#8243; _module_preset=&#8221;default&#8221; global_colors_info=&#8221;{}&#8221;][et_pb_image title_text=&#8221;adn-blue-dotts&#8221; module_class=&#8221;value-image&#8221; _builder_version=&#8221;4.20.2&#8243; _module_preset=&#8221;default&#8221; background_image=&#8221;https:\/\/sqiweb.wpengine.com\/wp-content\/uploads\/2023\/04\/adn-blue-dotts.svg&#8221; global_colors_info=&#8221;{}&#8221;][\/et_pb_image][\/et_pb_column][et_pb_column type=&#8221;1_2&#8243; module_class=&#8221;value-col-text&#8221; _builder_version=&#8221;4.20.2&#8243; _module_preset=&#8221;default&#8221; global_colors_info=&#8221;{}&#8221;][et_pb_cta title=&#8221;Trust&#8221; admin_label=&#8221;Texte&#8221; module_class=&#8221;value-text&#8221; _builder_version=&#8221;4.21.0&#8243; _module_preset=&#8221;default&#8221; background_layout=&#8221;light&#8221; animation_style=&#8221;fade&#8221; global_colors_info=&#8221;{}&#8221;]Because we are convinced that trust is a major asset for successful projects, we make every effort to build a strong human relationship with our customers. This involves honest, transparent communication and a service that adapts to the life and dynamics of your projects. Resulting in true, long-term partnerships. [\/et_pb_cta][\/et_pb_column][\/et_pb_row][et_pb_row column_structure=&#8221;1_2,1_2&#8243; admin_label=&#8221;Collaboration&#8221; module_class=&#8221;values-row collaboration&#8221; _builder_version=&#8221;4.20.2&#8243; _module_preset=&#8221;default&#8221; animation_style=&#8221;slide&#8221; animation_direction=&#8221;bottom&#8221; animation_intensity_slide=&#8221;2%&#8221; global_colors_info=&#8221;{}&#8221;][et_pb_column type=&#8221;1_2&#8243; module_class=&#8221;value-col-text&#8221; _builder_version=&#8221;4.20.2&#8243; _module_preset=&#8221;default&#8221; global_colors_info=&#8221;{}&#8221;][et_pb_cta title=&#8221;Collaboration&#8221; admin_label=&#8221;Texte&#8221; module_class=&#8221;value-text&#8221; _builder_version=&#8221;4.21.0&#8243; _module_preset=&#8221;default&#8221; background_layout=&#8221;light&#8221; animation_style=&#8221;fade&#8221; global_colors_info=&#8221;{}&#8221;]We adopt a co-development approach by sharing our experience and our technological, clinical and regulatory vision. We continuously work as one team encompassing all stakeholders contributing to the design of a medical device. Our Agile methodology helps us adapt to the setbacks of an innovation project by adjusting our deliverables, budget and resources to the customer\u2019s needs. We also value transfering our know-how so that customers become autonomous. [\/et_pb_cta][\/et_pb_column][et_pb_column type=&#8221;1_2&#8243; module_class=&#8221;value-col-img&#8221; _builder_version=&#8221;4.20.2&#8243; _module_preset=&#8221;default&#8221; global_colors_info=&#8221;{}&#8221;][et_pb_image title_text=&#8221;collaboration&#8221; module_class=&#8221;value-image&#8221; _builder_version=&#8221;4.21.0&#8243; _module_preset=&#8221;default&#8221; background_image=&#8221;https:\/\/sqiweb.wpengine.com\/wp-content\/uploads\/2023\/05\/collaboration.jpg&#8221; global_colors_info=&#8221;{}&#8221;][\/et_pb_image][\/et_pb_column][\/et_pb_row][\/et_pb_section][et_pb_section fb_built=&#8221;1&#8243; admin_label=&#8221;Call to action&#8221; module_class=&#8221;gradient baseline-section scop-section&#8221; _builder_version=&#8221;4.20.2&#8243; _module_preset=&#8221;default&#8221; saved_tabs=&#8221;all&#8221; locked=&#8221;off&#8221; global_colors_info=&#8221;{}&#8221;][et_pb_row module_class=&#8221;scop-row&#8221; _builder_version=&#8221;4.20.2&#8243; _module_preset=&#8221;default&#8221; animation_style=&#8221;slide&#8221; animation_direction=&#8221;bottom&#8221; animation_intensity_slide=&#8221;2%&#8221; global_colors_info=&#8221;{}&#8221;][et_pb_column type=&#8221;4_4&#8243; _builder_version=&#8221;4.20.2&#8243; _module_preset=&#8221;default&#8221; global_colors_info=&#8221;{}&#8221;][et_pb_cta title=&#8221;All in one SCOP&#8221; admin_label=&#8221;Le tout en SCOP&#8221; module_class=&#8221;scop-module&#8221; _builder_version=&#8221;4.21.0&#8243; _module_preset=&#8221;default&#8221; animation_style=&#8221;slide&#8221; animation_direction=&#8221;bottom&#8221; animation_intensity_slide=&#8221;3%&#8221; global_colors_info=&#8221;{}&#8221;]Being a SCOP (Cooperative and participative company) is a real source of pride and motivation. We are all shareholders and contribute to the governance of the company! This translates into a strong group that shares a common vision, takes strategic decisions in which everyone participates in the daily life of the organization. The outcome: team members who are engaged, thriving and fully aligned with their mission! [\/et_pb_cta][\/et_pb_column][\/et_pb_row][et_pb_row module_class=&#8221;baseline-row&#8221; _builder_version=&#8221;4.20.2&#8243; _module_preset=&#8221;default&#8221; global_colors_info=&#8221;{}&#8221;][et_pb_column type=&#8221;4_4&#8243; _builder_version=&#8221;4.20.2&#8243; _module_preset=&#8221;default&#8221; global_colors_info=&#8221;{}&#8221;][et_pb_blurb title=&#8221;Fostering medical innovation&#8221; image=&#8221;https:\/\/sqiweb.wpengine.com\/wp-content\/uploads\/2023\/04\/bulot-sqi.svg&#8221; admin_label=&#8221;Faciliter l\u2019innovation m\u00e9dicale&#8221; module_class=&#8221;baseline-module&#8221; _builder_version=&#8221;4.21.0&#8243; _module_preset=&#8221;default&#8221; header_level=&#8221;h2&#8243; animation_style=&#8221;slide&#8221; animation_direction=&#8221;bottom&#8221; animation_intensity_slide=&#8221;3%&#8221; global_colors_info=&#8221;{}&#8221;][\/et_pb_blurb][\/et_pb_column][\/et_pb_row][et_pb_row disabled_on=&#8221;off|off|off&#8221; module_class=&#8221;footer-row&#8221; _builder_version=&#8221;4.21.0&#8243; _module_preset=&#8221;default&#8221; animation_style=&#8221;fade&#8221; saved_tabs=&#8221;all&#8221; locked=&#8221;off&#8221; global_colors_info=&#8221;{}&#8221; global_module=&#8221;1507&#8243; theme_builder_area=&#8221;post_content&#8221;][et_pb_column type=&#8221;4_4&#8243; _builder_version=&#8221;4.21.0&#8243; _module_preset=&#8221;default&#8221; global_colors_info=&#8221;{}&#8221; theme_builder_area=&#8221;post_content&#8221;][et_pb_image src=&#8221;https:\/\/sqiweb.wpengine.com\/wp-content\/uploads\/2023\/03\/logo-sqi-baseline.svg&#8221; title_text=&#8221;logo-sqi-baseline&#8221; admin_label=&#8221;Logo SQI&#8221; module_class=&#8221;footer-module-logosqi&#8221; _builder_version=&#8221;4.21.0&#8243; _module_preset=&#8221;default&#8221; global_colors_info=&#8221;{}&#8221; theme_builder_area=&#8221;post_content&#8221;][\/et_pb_image][et_pb_text admin_label=&#8221;Logos&#8221; module_class=&#8221;footer-module-logo&#8221; _builder_version=&#8221;4.21.0&#8243; _module_preset=&#8221;default&#8221; global_colors_info=&#8221;{}&#8221; theme_builder_area=&#8221;post_content&#8221;]<img decoding=\"async\" class=\"wp-image-143 alignnone size-full\" src=\"https:\/\/sqiweb.wpengine.com\/wp-content\/uploads\/2023\/04\/logo-iso13485.svg\" alt=\"\" width=\"undefined\" height=\"undefined\" \/><img decoding=\"async\" class=\"wp-image-145 alignnone size-full\" src=\"https:\/\/sqiweb.wpengine.com\/wp-content\/uploads\/2023\/04\/logo-gmed.svg\" alt=\"\" width=\"undefined\" height=\"undefined\" \/><img decoding=\"async\" src=\"https:\/\/sqiweb.wpengine.com\/wp-content\/uploads\/2023\/04\/logo-cir.png\" width=\"undefined\" height=\"undefined\" alt=\"\" class=\"wp-image-146 alignnone size-full\" \/><img decoding=\"async\" src=\"https:\/\/sqiweb.wpengine.com\/wp-content\/uploads\/2023\/04\/logo-cii.png\" width=\"undefined\" height=\"undefined\" alt=\"\" class=\"wp-image-147 alignnone size-full\" \/>[\/et_pb_text][et_pb_text admin_label=&#8221;Adresse&#8221; module_class=&#8221;footer-infos-module&#8221; _builder_version=&#8221;4.21.0&#8243; _module_preset=&#8221;default&#8221; global_colors_info=&#8221;{}&#8221; theme_builder_area=&#8221;post_content&#8221;]<a href=\"https:\/\/goo.gl\/maps\/ELbtZKZd3R6umHEa6\" target=\"_blank\" rel=\"noopener\">2 chemin du Vieux Ch\u00eane,<br \/>\n38240 Meylan, France<\/a><\/p>\n<p><a href=\"tel:0033458003808\" target=\"_blank\" rel=\"noopener\">+33(0)4 58 00 38 08<\/a><\/p>\n<p><a href=\"https:\/\/www.linkedin.com\/company\/surgiqual-institute\/\" target=\"_blank\" rel=\"noopener\"><img decoding=\"async\" class=\"wp-image-141 alignnone size-full\" src=\"https:\/\/sqiweb.wpengine.com\/wp-content\/uploads\/2023\/04\/picto-linkedin.svg\" alt=\"\" width=\"undefined\" height=\"undefined\" \/><\/a>[\/et_pb_text][\/et_pb_column][\/et_pb_row][et_pb_row module_class=&#8221;footer-mentions-row&#8221; _builder_version=&#8221;4.20.2&#8243; _module_preset=&#8221;default&#8221; animation_style=&#8221;fade&#8221; saved_tabs=&#8221;all&#8221; global_colors_info=&#8221;{}&#8221;][et_pb_column type=&#8221;4_4&#8243; _builder_version=&#8221;4.20.2&#8243; _module_preset=&#8221;default&#8221; global_colors_info=&#8221;{}&#8221;][et_pb_menu menu_id=&#8221;8&#8243; admin_label=&#8221;Mentions&#8221; module_class=&#8221;footer-mentions-module&#8221; _builder_version=&#8221;4.20.2&#8243; _module_preset=&#8221;default&#8221; global_colors_info=&#8221;{}&#8221;][\/et_pb_menu][\/et_pb_column][\/et_pb_row][\/et_pb_section]<\/p>\n","protected":false},"excerpt":{"rendered":"<p>About usOur company has been organized as a SCOP united around strong values since 2008. Our convictions and work philosophy inspire us to ensure the success of our mission: fostering a safer and more effective healthcare. Team members at SQI come from various background. We share a curiosity for innovation and a taste for challenge! [&hellip;]<\/p>\n","protected":false},"author":2,"featured_media":0,"parent":0,"menu_order":0,"comment_status":"closed","ping_status":"closed","template":"","meta":{"_et_pb_use_builder":"on","_et_pb_old_content":"","_et_gb_content_width":"","footnotes":""},"class_list":["post-1393","page","type-page","status-publish","hentry"],"yoast_head":"<!-- This site is optimized with the Yoast SEO plugin v20.7 - https:\/\/yoast.com\/wordpress\/plugins\/seo\/ -->\n<title>OUR DNA - SQI<\/title>\n<meta name=\"description\" content=\"Nous sommes une soci\u00e9t\u00e9 organis\u00e9e en SCOP depuis 2008 f\u00e9d\u00e9r\u00e9e autour de valeurs fortes qui nous guident pour assurer le succ\u00e8s de notre mission.\" \/>\n<meta name=\"robots\" content=\"index, follow, max-snippet:-1, max-image-preview:large, max-video-preview:-1\" \/>\n<link rel=\"canonical\" href=\"https:\/\/sqi.coop\/en\/notre-adn\/\" \/>\n<meta property=\"og:locale\" content=\"en_US\" \/>\n<meta property=\"og:type\" content=\"article\" \/>\n<meta property=\"og:title\" content=\"OUR DNA - SQI\" \/>\n<meta property=\"og:description\" content=\"Nous sommes une soci\u00e9t\u00e9 organis\u00e9e en SCOP depuis 2008 f\u00e9d\u00e9r\u00e9e autour de valeurs fortes qui nous guident pour assurer le succ\u00e8s de notre mission.\" \/>\n<meta property=\"og:url\" content=\"https:\/\/sqi.coop\/en\/notre-adn\/\" \/>\n<meta property=\"og:site_name\" content=\"SQI\" \/>\n<meta property=\"article:modified_time\" content=\"2024-09-25T08:11:54+00:00\" \/>\n<meta property=\"og:image\" content=\"https:\/\/sqiweb.wpengine.com\/wp-content\/uploads\/2023\/04\/logo-iso13485.svg\" \/>\n<meta name=\"twitter:card\" content=\"summary_large_image\" \/>\n<meta name=\"twitter:label1\" content=\"Est. reading time\" \/>\n\t<meta name=\"twitter:data1\" content=\"5 minutes\" \/>\n<script type=\"application\/ld+json\" class=\"yoast-schema-graph\">{\"@context\":\"https:\/\/schema.org\",\"@graph\":[{\"@type\":\"WebPage\",\"@id\":\"https:\/\/sqi.coop\/en\/notre-adn\/\",\"url\":\"https:\/\/sqi.coop\/en\/notre-adn\/\",\"name\":\"OUR DNA - SQI\",\"isPartOf\":{\"@id\":\"https:\/\/sqi.coop\/#website\"},\"datePublished\":\"2023-03-27T13:23:25+00:00\",\"dateModified\":\"2024-09-25T08:11:54+00:00\",\"description\":\"Nous sommes une soci\u00e9t\u00e9 organis\u00e9e en SCOP depuis 2008 f\u00e9d\u00e9r\u00e9e autour de valeurs fortes qui nous guident pour assurer le succ\u00e8s de notre mission.\",\"breadcrumb\":{\"@id\":\"https:\/\/sqi.coop\/en\/notre-adn\/#breadcrumb\"},\"inLanguage\":\"en-US\",\"potentialAction\":[{\"@type\":\"ReadAction\",\"target\":[\"https:\/\/sqi.coop\/en\/notre-adn\/\"]}]},{\"@type\":\"BreadcrumbList\",\"@id\":\"https:\/\/sqi.coop\/en\/notre-adn\/#breadcrumb\",\"itemListElement\":[{\"@type\":\"ListItem\",\"position\":1,\"name\":\"Accueil\",\"item\":\"https:\/\/sqi.coop\/en\/\"},{\"@type\":\"ListItem\",\"position\":2,\"name\":\"OUR DNA\"}]},{\"@type\":\"WebSite\",\"@id\":\"https:\/\/sqi.coop\/#website\",\"url\":\"https:\/\/sqi.coop\/\",\"name\":\"SQI\",\"description\":\"Faciliter l\u2019innovation m\u00e9dicale\",\"publisher\":{\"@id\":\"https:\/\/sqi.coop\/#organization\"},\"alternateName\":\"SQI\",\"potentialAction\":[{\"@type\":\"SearchAction\",\"target\":{\"@type\":\"EntryPoint\",\"urlTemplate\":\"https:\/\/sqi.coop\/?s={search_term_string}\"},\"query-input\":\"required name=search_term_string\"}],\"inLanguage\":\"en-US\"},{\"@type\":\"Organization\",\"@id\":\"https:\/\/sqi.coop\/#organization\",\"name\":\"SQI\",\"url\":\"https:\/\/sqi.coop\/\",\"logo\":{\"@type\":\"ImageObject\",\"inLanguage\":\"en-US\",\"@id\":\"https:\/\/sqi.coop\/#\/schema\/logo\/image\/\",\"url\":\"https:\/\/sqiweb.wpengine.com\/wp-content\/uploads\/2023\/03\/logo-sqi-dark.svg\",\"contentUrl\":\"https:\/\/sqiweb.wpengine.com\/wp-content\/uploads\/2023\/03\/logo-sqi-dark.svg\",\"width\":1,\"height\":1,\"caption\":\"SQI\"},\"image\":{\"@id\":\"https:\/\/sqi.coop\/#\/schema\/logo\/image\/\"}}]}<\/script>\n<!-- \/ Yoast SEO plugin. -->","yoast_head_json":{"title":"OUR DNA - SQI","description":"Nous sommes une soci\u00e9t\u00e9 organis\u00e9e en SCOP depuis 2008 f\u00e9d\u00e9r\u00e9e autour de valeurs fortes qui nous guident pour assurer le succ\u00e8s de notre mission.","robots":{"index":"index","follow":"follow","max-snippet":"max-snippet:-1","max-image-preview":"max-image-preview:large","max-video-preview":"max-video-preview:-1"},"canonical":"https:\/\/sqi.coop\/en\/notre-adn\/","og_locale":"en_US","og_type":"article","og_title":"OUR DNA - SQI","og_description":"Nous sommes une soci\u00e9t\u00e9 organis\u00e9e en SCOP depuis 2008 f\u00e9d\u00e9r\u00e9e autour de valeurs fortes qui nous guident pour assurer le succ\u00e8s de notre mission.","og_url":"https:\/\/sqi.coop\/en\/notre-adn\/","og_site_name":"SQI","article_modified_time":"2024-09-25T08:11:54+00:00","og_image":[{"url":"https:\/\/sqiweb.wpengine.com\/wp-content\/uploads\/2023\/04\/logo-iso13485.svg"}],"twitter_card":"summary_large_image","twitter_misc":{"Est. reading time":"5 minutes"},"schema":{"@context":"https:\/\/schema.org","@graph":[{"@type":"WebPage","@id":"https:\/\/sqi.coop\/en\/notre-adn\/","url":"https:\/\/sqi.coop\/en\/notre-adn\/","name":"OUR DNA - SQI","isPartOf":{"@id":"https:\/\/sqi.coop\/#website"},"datePublished":"2023-03-27T13:23:25+00:00","dateModified":"2024-09-25T08:11:54+00:00","description":"Nous sommes une soci\u00e9t\u00e9 organis\u00e9e en SCOP depuis 2008 f\u00e9d\u00e9r\u00e9e autour de valeurs fortes qui nous guident pour assurer le succ\u00e8s de notre mission.","breadcrumb":{"@id":"https:\/\/sqi.coop\/en\/notre-adn\/#breadcrumb"},"inLanguage":"en-US","potentialAction":[{"@type":"ReadAction","target":["https:\/\/sqi.coop\/en\/notre-adn\/"]}]},{"@type":"BreadcrumbList","@id":"https:\/\/sqi.coop\/en\/notre-adn\/#breadcrumb","itemListElement":[{"@type":"ListItem","position":1,"name":"Accueil","item":"https:\/\/sqi.coop\/en\/"},{"@type":"ListItem","position":2,"name":"OUR DNA"}]},{"@type":"WebSite","@id":"https:\/\/sqi.coop\/#website","url":"https:\/\/sqi.coop\/","name":"SQI","description":"Faciliter l\u2019innovation m\u00e9dicale","publisher":{"@id":"https:\/\/sqi.coop\/#organization"},"alternateName":"SQI","potentialAction":[{"@type":"SearchAction","target":{"@type":"EntryPoint","urlTemplate":"https:\/\/sqi.coop\/?s={search_term_string}"},"query-input":"required name=search_term_string"}],"inLanguage":"en-US"},{"@type":"Organization","@id":"https:\/\/sqi.coop\/#organization","name":"SQI","url":"https:\/\/sqi.coop\/","logo":{"@type":"ImageObject","inLanguage":"en-US","@id":"https:\/\/sqi.coop\/#\/schema\/logo\/image\/","url":"https:\/\/sqiweb.wpengine.com\/wp-content\/uploads\/2023\/03\/logo-sqi-dark.svg","contentUrl":"https:\/\/sqiweb.wpengine.com\/wp-content\/uploads\/2023\/03\/logo-sqi-dark.svg","width":1,"height":1,"caption":"SQI"},"image":{"@id":"https:\/\/sqi.coop\/#\/schema\/logo\/image\/"}}]}},"_links":{"self":[{"href":"https:\/\/sqi.coop\/en\/wp-json\/wp\/v2\/pages\/1393","targetHints":{"allow":["GET"]}}],"collection":[{"href":"https:\/\/sqi.coop\/en\/wp-json\/wp\/v2\/pages"}],"about":[{"href":"https:\/\/sqi.coop\/en\/wp-json\/wp\/v2\/types\/page"}],"author":[{"embeddable":true,"href":"https:\/\/sqi.coop\/en\/wp-json\/wp\/v2\/users\/2"}],"replies":[{"embeddable":true,"href":"https:\/\/sqi.coop\/en\/wp-json\/wp\/v2\/comments?post=1393"}],"version-history":[{"count":0,"href":"https:\/\/sqi.coop\/en\/wp-json\/wp\/v2\/pages\/1393\/revisions"}],"wp:attachment":[{"href":"https:\/\/sqi.coop\/en\/wp-json\/wp\/v2\/media?parent=1393"}],"curies":[{"name":"wp","href":"https:\/\/api.w.org\/{rel}","templated":true}]}}